{"id":30,"date":"2020-12-22T16:29:16","date_gmt":"2020-12-22T16:29:16","guid":{"rendered":"https:\/\/juso-bildungsprogramm.de\/?page_id=30"},"modified":"2026-04-22T12:18:04","modified_gmt":"2026-04-22T12:18:04","slug":"start","status":"publish","type":"page","link":"https:\/\/juso-bildungsprogramm.de\/","title":{"rendered":"Start"},"content":{"rendered":"<p>[et_pb_section fb_built=&#8221;1&#8243; disabled_on=&#8221;on|off|off&#8221; _builder_version=&#8221;4.16&#8243; _module_preset=&#8221;default&#8221; use_background_color_gradient=&#8221;on&#8221; background_color_gradient_direction=&#8221;60deg&#8221; background_color_gradient_stops=&#8221;#e02b20 0%|#29c4a9 100%&#8221; background_color_gradient_start=&#8221;#e02b20&#8243; background_image=&#8221;https:\/\/juso-bildungsprogramm.de\/wp-content\/uploads\/2020\/12\/people-2557396_1280.jpg&#8221; background_blend=&#8221;multiply&#8221; custom_padding=&#8221;200px||200px||true|false&#8221; global_colors_info=&#8221;{}&#8221;][et_pb_row use_custom_gutter=&#8221;on&#8221; gutter_width=&#8221;2&#8243; make_equal=&#8221;on&#8221; _builder_version=&#8221;4.16&#8243; _module_preset=&#8221;default&#8221; width=&#8221;90%&#8221; width_tablet=&#8221;90%&#8221; width_phone=&#8221;90%&#8221; width_last_edited=&#8221;on|desktop&#8221; max_width=&#8221;1120px&#8221; max_width_tablet=&#8221;90%&#8221; max_width_phone=&#8221;90%&#8221; max_width_last_edited=&#8221;on|tablet&#8221; custom_padding=&#8221;0px||20px||false|false&#8221; animation_style=&#8221;slide&#8221; animation_direction=&#8221;left&#8221; animation_duration=&#8221;1500ms&#8221; global_colors_info=&#8221;{}&#8221;][et_pb_column type=&#8221;4_4&#8243; _builder_version=&#8221;4.16&#8243; _module_preset=&#8221;default&#8221; global_colors_info=&#8221;{}&#8221;][et_pb_text _builder_version=&#8221;4.16&#8243; _module_preset=&#8221;default&#8221; header_font=&#8221;DM Sans|700|||||||&#8221; header_text_align=&#8221;left&#8221; header_text_color=&#8221;#ffffff&#8221; header_font_size=&#8221;83px&#8221; header_letter_spacing=&#8221;-4px&#8221; header_font_size_tablet=&#8221;80px&#8221; header_font_size_phone=&#8221;60px&#8221; header_font_size_last_edited=&#8221;on|phone&#8221; header_letter_spacing_tablet=&#8221;&#8221; header_letter_spacing_phone=&#8221;-2px&#8221; header_letter_spacing_last_edited=&#8221;on|phone&#8221; global_colors_info=&#8221;{}&#8221;]<\/p>\n<h1>DAS JUSO<br \/> BILDUNGSPROGAMM<\/h1>\n<p>[\/et_pb_text][et_pb_blurb title=&#8221;Bildungsarbeit seit 1998&#8243; image=&#8221;https:\/\/juso-bildungsprogramm.de\/wp-content\/uploads\/2020\/12\/agency-176-1.png&#8221; icon_placement=&#8221;left&#8221; image_icon_width=&#8221;59px&#8221; content_max_width=&#8221;100%&#8221; _builder_version=&#8221;4.16&#8243; _module_preset=&#8221;default&#8221; header_font=&#8221;DM Sans||||||||&#8221; header_text_align=&#8221;left&#8221; header_text_color=&#8221;#ffffff&#8221; header_font_size=&#8221;22px&#8221; custom_margin=&#8221;-5px||||false|false&#8221; custom_margin_tablet=&#8221;-15px||||false|false&#8221; custom_margin_phone=&#8221;-15px||||false|false&#8221; custom_margin_last_edited=&#8221;on|phone&#8221; animation=&#8221;off&#8221; border_width_top_image=&#8221;9px&#8221; border_color_top_image=&#8221;rgba(0,0,0,0)&#8221; image_max_width=&#8221;59px&#8221; global_colors_info=&#8221;{}&#8221;][\/et_pb_blurb][et_pb_button button_url=&#8221;https:\/\/juso-bildungsprogramm.de\/?page_id=16&#8243; button_text=&#8221;MEHR ERFAHREN&#8221; _builder_version=&#8221;4.16&#8243; _module_preset=&#8221;default&#8221; custom_button=&#8221;on&#8221; button_text_size=&#8221;18px&#8221; button_text_color=&#8221;#ffffff&#8221; button_bg_color=&#8221;#63bdbf&#8221; button_border_width=&#8221;0px&#8221; button_border_color=&#8221;rgba(0,0,0,0)&#8221; button_border_radius=&#8221;0px&#8221; button_font=&#8221;DM Sans||||||||&#8221; button_icon=&#8221;&#x24;||divi||400&#8243; button_on_hover=&#8221;off&#8221; custom_margin=&#8221;30px||||false|false&#8221; custom_padding=&#8221;10px|60px|10px|50px|true|false&#8221; global_colors_info=&#8221;{}&#8221; button_text_color__hover_enabled=&#8221;on|hover&#8221; button_text_color__hover=&#8221;#63bdbf&#8221; button_bg_color__hover_enabled=&#8221;on|hover&#8221; button_bg_color__hover=&#8221;#ffffff&#8221; button_bg_enable_color__hover=&#8221;on&#8221; button_border_color__hover_enabled=&#8221;on|hover&#8221; button_border_color__hover=&#8221;#ffffff&#8221; button_letter_spacing__hover_enabled=&#8221;on|desktop&#8221; button_letter_spacing__hover=&#8221;0px&#8221;][\/et_pb_button][\/et_pb_column][\/et_pb_row][\/et_pb_section][et_pb_section fb_built=&#8221;1&#8243; disabled_on=&#8221;off|on|on&#8221; _builder_version=&#8221;4.16&#8243; _module_preset=&#8221;default&#8221; use_background_color_gradient=&#8221;on&#8221; background_color_gradient_direction=&#8221;60deg&#8221; background_color_gradient_stops=&#8221;#e02b20 0%|#29c4a9 100%&#8221; background_color_gradient_start=&#8221;#e02b20&#8243; background_image=&#8221;https:\/\/juso-bildungsprogramm.de\/wp-content\/uploads\/2020\/12\/people-2557396_1280.jpg&#8221; background_blend=&#8221;multiply&#8221; custom_padding=&#8221;200px||200px||true|false&#8221; global_colors_info=&#8221;{}&#8221;][et_pb_row use_custom_gutter=&#8221;on&#8221; gutter_width=&#8221;2&#8243; make_equal=&#8221;on&#8221; _builder_version=&#8221;4.16&#8243; _module_preset=&#8221;default&#8221; width=&#8221;90%&#8221; width_tablet=&#8221;90%&#8221; width_phone=&#8221;90%&#8221; width_last_edited=&#8221;on|desktop&#8221; max_width=&#8221;1120px&#8221; max_width_tablet=&#8221;90%&#8221; max_width_phone=&#8221;90%&#8221; max_width_last_edited=&#8221;on|tablet&#8221; custom_padding=&#8221;0px||20px||false|false&#8221; animation_style=&#8221;slide&#8221; animation_direction=&#8221;left&#8221; animation_duration=&#8221;1500ms&#8221; global_colors_info=&#8221;{}&#8221;][et_pb_column type=&#8221;4_4&#8243; _builder_version=&#8221;4.16&#8243; _module_preset=&#8221;default&#8221; global_colors_info=&#8221;{}&#8221;][et_pb_text _builder_version=&#8221;4.16&#8243; _module_preset=&#8221;default&#8221; header_font=&#8221;DM Sans|700|||||||&#8221; header_text_align=&#8221;left&#8221; header_text_color=&#8221;#ffffff&#8221; header_font_size=&#8221;56px&#8221; header_letter_spacing=&#8221;-4px&#8221; header_font_size_tablet=&#8221;80px&#8221; header_font_size_phone=&#8221;60px&#8221; header_font_size_last_edited=&#8221;on|phone&#8221; header_letter_spacing_tablet=&#8221;&#8221; header_letter_spacing_phone=&#8221;-2px&#8221; header_letter_spacing_last_edited=&#8221;on|phone&#8221; global_colors_info=&#8221;{}&#8221;]<\/p>\n<h1>DAS JUSO<br \/> BILDUNGS-<br \/> PROGAMM<\/h1>\n<p>[\/et_pb_text][et_pb_blurb title=&#8221;Bildungsarbeit seit 1998&#8243; image=&#8221;https:\/\/juso-bildungsprogramm.de\/wp-content\/uploads\/2020\/12\/agency-176-1.png&#8221; icon_placement=&#8221;left&#8221; image_icon_width=&#8221;59px&#8221; content_max_width=&#8221;100%&#8221; _builder_version=&#8221;4.16&#8243; _module_preset=&#8221;default&#8221; header_font=&#8221;DM Sans||||||||&#8221; header_text_align=&#8221;left&#8221; header_text_color=&#8221;#ffffff&#8221; header_font_size=&#8221;22px&#8221; custom_margin=&#8221;-5px||||false|false&#8221; custom_margin_tablet=&#8221;-15px||||false|false&#8221; custom_margin_phone=&#8221;-15px||||false|false&#8221; custom_margin_last_edited=&#8221;on|phone&#8221; animation=&#8221;off&#8221; border_width_top_image=&#8221;9px&#8221; border_color_top_image=&#8221;rgba(0,0,0,0)&#8221; image_max_width=&#8221;59px&#8221; global_colors_info=&#8221;{}&#8221;][\/et_pb_blurb][et_pb_button button_url=&#8221;https:\/\/juso-bildungsprogramm.de\/?page_id=16&#8243; button_text=&#8221;MEHR ERFAHREN&#8221; _builder_version=&#8221;4.16&#8243; _module_preset=&#8221;default&#8221; custom_button=&#8221;on&#8221; button_text_size=&#8221;18px&#8221; button_text_color=&#8221;#ffffff&#8221; button_bg_color=&#8221;#63bdbf&#8221; button_border_width=&#8221;0px&#8221; button_border_color=&#8221;rgba(0,0,0,0)&#8221; button_border_radius=&#8221;0px&#8221; button_font=&#8221;DM Sans||||||||&#8221; button_icon=&#8221;&#x24;||divi||400&#8243; button_on_hover=&#8221;off&#8221; custom_margin=&#8221;30px||||false|false&#8221; custom_padding=&#8221;10px|60px|10px|50px|true|false&#8221; global_colors_info=&#8221;{}&#8221; button_text_color__hover_enabled=&#8221;on|hover&#8221; button_text_color__hover=&#8221;#63bdbf&#8221; button_bg_color__hover_enabled=&#8221;on|hover&#8221; button_bg_color__hover=&#8221;#ffffff&#8221; button_bg_enable_color__hover=&#8221;on&#8221; button_border_color__hover_enabled=&#8221;on|hover&#8221; button_border_color__hover=&#8221;#ffffff&#8221; button_letter_spacing__hover_enabled=&#8221;on|desktop&#8221; button_letter_spacing__hover=&#8221;0px&#8221;][\/et_pb_button][\/et_pb_column][\/et_pb_row][\/et_pb_section][et_pb_section fb_built=&#8221;1&#8243; _builder_version=&#8221;4.16&#8243; _module_preset=&#8221;default&#8221; custom_padding=&#8221;100px||100px||true|&#8221; global_colors_info=&#8221;{}&#8221;][et_pb_row use_custom_gutter=&#8221;on&#8221; gutter_width=&#8221;2&#8243; make_equal=&#8221;on&#8221; _builder_version=&#8221;4.19.5&#8243; _module_preset=&#8221;default&#8221; width=&#8221;90%&#8221; width_tablet=&#8221;90%&#8221; width_phone=&#8221;90%&#8221; width_last_edited=&#8221;on|desktop&#8221; max_width=&#8221;1120px&#8221; max_width_tablet=&#8221;90%&#8221; max_width_phone=&#8221;90%&#8221; max_width_last_edited=&#8221;on|tablet&#8221; custom_margin=&#8221;0px|auto|100px|auto|false|false&#8221; custom_padding=&#8221;0px||0px||true|&#8221; global_colors_info=&#8221;{}&#8221;][et_pb_column type=&#8221;4_4&#8243; _builder_version=&#8221;4.16&#8243; _module_preset=&#8221;default&#8221; global_colors_info=&#8221;{}&#8221;][et_pb_text _builder_version=&#8221;4.19.5&#8243; _module_preset=&#8221;default&#8221; header_4_font=&#8221;DM Sans|700|||||||&#8221; header_4_text_align=&#8221;left&#8221; header_4_text_color=&#8221;#060713&#8243; header_4_font_size=&#8221;35px&#8221; header_4_letter_spacing=&#8221;-1px&#8221; header_4_line_height=&#8221;1.3em&#8221; global_colors_info=&#8221;{}&#8221;]<\/p>\n<h4>Jetzt die neuen Seminare im Bildungsprogramm entdecken und sich anmelden!<\/h4>\n<p>[\/et_pb_text][et_pb_text _builder_version=&#8221;4.24.0&#8243; _module_preset=&#8221;default&#8221; text_font=&#8221;DM Sans||||||||&#8221; text_text_color=&#8221;#7d7d7d&#8221; text_font_size=&#8221;16px&#8221; text_line_height=&#8221;1.9em&#8221; custom_margin=&#8221;-5px||||false|false&#8221; custom_margin_tablet=&#8221;-15px||||false|false&#8221; custom_margin_phone=&#8221;-15px||||false|false&#8221; custom_margin_last_edited=&#8221;on|phone&#8221; global_colors_info=&#8221;{}&#8221;]<\/p>\n<p>Das Juso-Bildungsprogramm 2026 ist erschienen! Schau rein und melde dich<br \/>f\u00fcr die dich interessierenden Seminare und Bildungsreisen direkt an.<\/p>\n<p>[\/et_pb_text][et_pb_blurb title=&#8221;Bildungsprogramm ansehen!&#8221; url=&#8221;https:\/\/juso-bildungsprogramm.de\/?page_id=18&#8243; url_new_window=&#8221;on&#8221; use_icon=&#8221;on&#8221; font_icon=&#8221;&#x49;||divi||400&#8243; icon_placement=&#8221;left&#8221; content_max_width=&#8221;100%&#8221; _builder_version=&#8221;4.27.6&#8243; _module_preset=&#8221;default&#8221; header_font=&#8221;DM Sans|700|||||||&#8221; header_text_align=&#8221;left&#8221; header_text_color=&#8221;#63bdbf&#8221; header_font_size=&#8221;18.1px&#8221; max_width=&#8221;170px&#8221; module_alignment=&#8221;left&#8221; custom_margin=&#8221;30px||||false|false&#8221; animation=&#8221;off&#8221; link_option_url=&#8221;https:\/\/juso-bildungsprogramm.de\/?page_id=18&#8243; link_option_url_new_window=&#8221;on&#8221; border_color_all_image=&#8221;#000000&#8243; border_width_top_image=&#8221;6px&#8221; border_color_top_image=&#8221;rgba(0,0,0,0)&#8221; global_colors_info=&#8221;{}&#8221; header_text_color__hover_enabled=&#8221;on|desktop&#8221; header_text_color__hover=&#8221;#060713&#8243;][\/et_pb_blurb][\/et_pb_column][\/et_pb_row][et_pb_row column_structure=&#8221;1_2,1_2&#8243; use_custom_gutter=&#8221;on&#8221; gutter_width=&#8221;2&#8243; make_equal=&#8221;on&#8221; _builder_version=&#8221;4.16&#8243; _module_preset=&#8221;default&#8221; width=&#8221;90%&#8221; width_tablet=&#8221;90%&#8221; width_phone=&#8221;90%&#8221; width_last_edited=&#8221;on|desktop&#8221; max_width=&#8221;1120px&#8221; max_width_tablet=&#8221;90%&#8221; max_width_phone=&#8221;90%&#8221; max_width_last_edited=&#8221;on|tablet&#8221; custom_padding=&#8221;0px||0px||true|&#8221; global_colors_info=&#8221;{}&#8221;][et_pb_column type=&#8221;1_2&#8243; _builder_version=&#8221;4.16&#8243; _module_preset=&#8221;default&#8221; global_colors_info=&#8221;{}&#8221;][et_pb_image src=&#8221;https:\/\/juso-bildungsprogramm.de\/wp-content\/uploads\/2020\/12\/agency-171-1.png&#8221; title_text=&#8221;agency-171 (1)&#8221; _builder_version=&#8221;4.16&#8243; _module_preset=&#8221;default&#8221; border_radii=&#8221;on|5px|5px|5px|5px&#8221; box_shadow_style=&#8221;preset3&#8243; box_shadow_vertical=&#8221;23px&#8221; box_shadow_blur=&#8221;70px&#8221; box_shadow_color=&#8221;rgba(38,38,38,0.3)&#8221; global_colors_info=&#8221;{}&#8221;][\/et_pb_image][et_pb_image src=&#8221;https:\/\/juso-bildungsprogramm.de\/wp-content\/uploads\/2021\/01\/bipro_2.jpg&#8221; title_text=&#8221;bipro_2&#8243; _builder_version=&#8221;4.17.4&#8243; _module_preset=&#8221;default&#8221; z_index=&#8221;134&#8243; max_width=&#8221;339px&#8221; custom_margin=&#8221;-320px|||175px|false|false&#8221; scroll_vertical_motion_enable=&#8221;on&#8221; scroll_vertical_motion=&#8221;0|50|50|100|0.5|0|0.5&#8243; scroll_vertical_motion_tablet=&#8221;0|50|50|100|0|0|0&#8243; scroll_vertical_motion_phone=&#8221;0|50|50|100|0|0|0&#8243; scroll_vertical_motion_last_edited=&#8221;on|phone&#8221; border_radii=&#8221;on|5px|5px|5px|5px&#8221; box_shadow_style=&#8221;preset3&#8243; box_shadow_vertical=&#8221;23px&#8221; box_shadow_blur=&#8221;70px&#8221; box_shadow_color=&#8221;rgba(38,38,38,0.3)&#8221; global_colors_info=&#8221;{}&#8221;][\/et_pb_image][\/et_pb_column][et_pb_column type=&#8221;1_2&#8243; _builder_version=&#8221;4.16&#8243; _module_preset=&#8221;default&#8221; custom_padding=&#8221;75px||||false|false&#8221; global_colors_info=&#8221;{}&#8221;][et_pb_text _builder_version=&#8221;4.24.0&#8243; _module_preset=&#8221;default&#8221; header_4_font=&#8221;DM Sans|700|||||||&#8221; header_4_text_align=&#8221;left&#8221; header_4_text_color=&#8221;#060713&#8243; header_4_font_size=&#8221;35px&#8221; header_4_letter_spacing=&#8221;-1px&#8221; header_4_line_height=&#8221;1.3em&#8221; global_colors_info=&#8221;{}&#8221;]<\/p>\n<h4>Politische Bildungsarbeit<br \/>seit fast 30 Jahren<\/h4>\n<p>[\/et_pb_text][et_pb_text _builder_version=&#8221;4.24.0&#8243; _module_preset=&#8221;default&#8221; text_font=&#8221;||||||||&#8221; text_text_color=&#8221;#7d7d7d&#8221; text_line_height=&#8221;1.9em&#8221; custom_margin=&#8221;-5px||||false|false&#8221; custom_margin_tablet=&#8221;-15px||||false|false&#8221; custom_margin_phone=&#8221;-15px||||false|false&#8221; custom_margin_last_edited=&#8221;on|phone&#8221; global_colors_info=&#8221;{}&#8221;]<\/p>\n<p>\u201eNur die demokratische Gesellschaftsordnung bedarf der emanzipatorischen Bildung, weil nur sie gelernt werden muss, tagt\u00e4glich, bis ins hohe Alter hinein.&#8221;<br \/>\u00a0Oscar Negt<\/p>\n<p>In einer Zeit, in der antidemokratische Kr\u00e4fte immer mehr Zulauf erhalten, ist es wichtiger denn je, sich politisch zu bilden, um wirksam f\u00fcr die Demokratie einstehen zu k\u00f6nnen.<\/p>\n<p>Das gemeinsame Bildungsprogramm der Juso-Landesverb\u00e4nde Rheinland-Pfalz und Saar hat sich in den vergangenen Jahrzehnten zu einer festen Gr\u00f6\u00dfe entwickelt.<\/p>\n<p>Mit unseren Seminaren greifen wir die Themen auf, die uns politisch bewegen: Antifaschismus, Feminismus, die Bek\u00e4mpfung sozialer Ungerechtigkeit, das Erreichen der Klimaschutzziele und viele weitere.<\/p>\n<p>Unser Angebot richtet sich nicht nur an Mitglieder. Es geht uns darum, junge Menschen durch kostenlose Bildungsangebote insgesamt zu st\u00e4rken, damit sie ihre Meinungen und Ideen politisch vertreten und in die Praxis umsetzen k\u00f6nnen.<\/p>\n<p>Bei Bildungsreisen innerhalb Deutschlands und ins europ\u00e4ische Ausland vernetzen wir uns mit Partner*innen und setzen uns mit Kultur, Lebensrealit\u00e4ten und gesellschaftspolitischen Fragestellungen vor Ort auseinander.<\/p>\n<p>Mit Rhetorik- und Verhandlungstrainings bereiten wir uns auf politische Arbeit vor, im Juso-Unterbezirk, im SPD-Ortsverein und dar\u00fcber hinaus.<\/p>\n<p>Ein besonderer Dank gilt allen, die mit ihrem Engagement und ihrer Teilnahme dazu beitragen, dieses Bildungsprogramm zu tragen. Klickt euch durch die n\u00e4chsten Seiten, informiert euch \u00fcber die Angebote und lernt das Juso-Bildungsprogramm kennen.<\/p>\n<p>Robin Dautermann<\/p>\n<p>Juso-Bildungssekret\u00e4r<\/p>\n<p><a href=\"mailto:Robin.Dautermann@jusos-rlp.de\">robin-leon.dautermann@spd.de<\/a><\/p>\n<p>[\/et_pb_text][et_pb_blurb title=&#8221;Mehr erfahren&#8221; url=&#8221;https:\/\/juso-bildungsprogramm.de\/?page_id=16&#8243; use_icon=&#8221;on&#8221; font_icon=&#8221;&#x49;||divi||400&#8243; icon_placement=&#8221;left&#8221; content_max_width=&#8221;100%&#8221; _builder_version=&#8221;4.16&#8243; _module_preset=&#8221;default&#8221; header_font=&#8221;DM Sans|700|||||||&#8221; header_text_align=&#8221;left&#8221; header_text_color=&#8221;#63bdbf&#8221; header_font_size=&#8221;18.1px&#8221; max_width=&#8221;170px&#8221; module_alignment=&#8221;left&#8221; custom_margin=&#8221;30px||||false|false&#8221; animation=&#8221;off&#8221; link_option_url=&#8221;https:\/\/juso-bildungsprogramm.de\/?page_id=16&#8243; border_color_all_image=&#8221;#000000&#8243; border_width_top_image=&#8221;6px&#8221; border_color_top_image=&#8221;rgba(0,0,0,0)&#8221; global_colors_info=&#8221;{}&#8221; header_text_color__hover_enabled=&#8221;on|desktop&#8221; header_text_color__hover=&#8221;#060713&#8243;][\/et_pb_blurb][\/et_pb_column][\/et_pb_row][\/et_pb_section][et_pb_section fb_built=&#8221;1&#8243; _builder_version=&#8221;4.16&#8243; _module_preset=&#8221;default&#8221; background_color=&#8221;#F5F7F7&#8243; custom_padding=&#8221;100px||100px||true|&#8221; global_colors_info=&#8221;{}&#8221;][et_pb_row column_structure=&#8221;1_3,1_3,1_3&#8243; use_custom_gutter=&#8221;on&#8221; gutter_width=&#8221;2&#8243; make_equal=&#8221;on&#8221; _builder_version=&#8221;4.16&#8243; _module_preset=&#8221;default&#8221; width=&#8221;90%&#8221; width_tablet=&#8221;90%&#8221; width_phone=&#8221;90%&#8221; width_last_edited=&#8221;on|desktop&#8221; max_width=&#8221;1120px&#8221; max_width_tablet=&#8221;90%&#8221; max_width_phone=&#8221;90%&#8221; max_width_last_edited=&#8221;on|tablet&#8221; custom_padding=&#8221;0px||0px||true|&#8221; global_colors_info=&#8221;{}&#8221;][et_pb_column type=&#8221;1_3&#8243; _builder_version=&#8221;4.16&#8243; _module_preset=&#8221;default&#8221; animation_style=&#8221;slide&#8221; animation_direction=&#8221;bottom&#8221; animation_delay=&#8221;500ms&#8221; global_colors_info=&#8221;{}&#8221;][et_pb_blurb title=&#8221;Neue Ideen&#8221; image=&#8221;https:\/\/juso-bildungsprogramm.de\/wp-content\/uploads\/2020\/12\/agency-174-1.png&#8221; content_max_width=&#8221;100%&#8221; _builder_version=&#8221;4.16&#8243; _module_preset=&#8221;default&#8221; header_font=&#8221;DM Sans|700||on|||||&#8221; header_text_align=&#8221;center&#8221; header_text_color=&#8221;#060713&#8243; header_font_size=&#8221;22px&#8221; header_letter_spacing=&#8221;-1px&#8221; body_font=&#8221;DM Sans||||||||&#8221; body_text_align=&#8221;center&#8221; body_text_color=&#8221;#7d7d7d&#8221; body_font_size=&#8221;16px&#8221; body_line_height=&#8221;1.9em&#8221; max_width=&#8221;236px&#8221; module_alignment=&#8221;center&#8221; animation=&#8221;off&#8221; global_colors_info=&#8221;{}&#8221;]<\/p>\n<p>Konzepte, Formate, Themen \u2013 wir erweitern und verbessern stetig unsere Bildungsangebote.<\/p>\n<p>[\/et_pb_blurb][\/et_pb_column][et_pb_column type=&#8221;1_3&#8243; _builder_version=&#8221;4.16&#8243; _module_preset=&#8221;default&#8221; animation_style=&#8221;slide&#8221; animation_direction=&#8221;bottom&#8221; animation_delay=&#8221;750ms&#8221; global_colors_info=&#8221;{}&#8221;][et_pb_blurb title=&#8221;Deine Zukunft&#8221; image=&#8221;https:\/\/juso-bildungsprogramm.de\/wp-content\/uploads\/2020\/12\/agency-174-3.png&#8221; content_max_width=&#8221;100%&#8221; title_last_edited=&#8221;off|desktop&#8221; _builder_version=&#8221;4.16&#8243; _module_preset=&#8221;default&#8221; header_font=&#8221;DM Sans|700||on|||||&#8221; header_text_align=&#8221;center&#8221; header_text_color=&#8221;#060713&#8243; header_font_size=&#8221;22px&#8221; header_letter_spacing=&#8221;-1px&#8221; body_font=&#8221;DM Sans||||||||&#8221; body_text_align=&#8221;center&#8221; body_text_color=&#8221;#7d7d7d&#8221; body_font_size=&#8221;16px&#8221; body_line_height=&#8221;1.9em&#8221; max_width=&#8221;236px&#8221; module_alignment=&#8221;center&#8221; animation=&#8221;off&#8221; global_colors_info=&#8221;{}&#8221;]<\/p>\n<p>Unsere Bildungsangebote sollen f\u00fcr euer politisches Engagement relevant sein.<\/p>\n<p>[\/et_pb_blurb][\/et_pb_column][et_pb_column type=&#8221;1_3&#8243; _builder_version=&#8221;4.16&#8243; _module_preset=&#8221;default&#8221; animation_style=&#8221;slide&#8221; animation_direction=&#8221;bottom&#8221; animation_delay=&#8221;1000ms&#8221; global_colors_info=&#8221;{}&#8221;][et_pb_blurb title=&#8221;Richtige Mischung&#8221; image=&#8221;https:\/\/juso-bildungsprogramm.de\/wp-content\/uploads\/2020\/12\/agency-174-4.png&#8221; content_max_width=&#8221;100%&#8221; _builder_version=&#8221;4.16&#8243; _module_preset=&#8221;default&#8221; header_font=&#8221;DM Sans|700||on|||||&#8221; header_text_align=&#8221;center&#8221; header_text_color=&#8221;#060713&#8243; header_font_size=&#8221;22px&#8221; header_letter_spacing=&#8221;-1px&#8221; body_font=&#8221;DM Sans||||||||&#8221; body_text_align=&#8221;center&#8221; body_text_color=&#8221;#7d7d7d&#8221; body_font_size=&#8221;16px&#8221; body_line_height=&#8221;1.9em&#8221; max_width=&#8221;236px&#8221; module_alignment=&#8221;center&#8221; animation=&#8221;off&#8221; global_colors_info=&#8221;{}&#8221;]<\/p>\n<p>Wir sind breit aufgestellt: Weiterbildungen zu inhaltliche Themen und politische Organisation!<\/p>\n<p>[\/et_pb_blurb][\/et_pb_column][\/et_pb_row][\/et_pb_section][et_pb_section fb_built=&#8221;1&#8243; _builder_version=&#8221;4.16&#8243; _module_preset=&#8221;default&#8221; use_background_color_gradient=&#8221;on&#8221; background_color_gradient_direction=&#8221;60deg&#8221; background_color_gradient_stops=&#8221;#e02b20 0%|#29c4a9 100%&#8221; background_color_gradient_start=&#8221;#e02b20&#8243; background_image=&#8221;https:\/\/juso-bildungsprogramm.de\/wp-content\/uploads\/2020\/12\/mailbox-595854_1280.jpg&#8221; background_blend=&#8221;multiply&#8221; custom_padding=&#8221;150px||150px||true|&#8221; global_colors_info=&#8221;{}&#8221;][et_pb_row use_custom_gutter=&#8221;on&#8221; gutter_width=&#8221;2&#8243; make_equal=&#8221;on&#8221; _builder_version=&#8221;4.16&#8243; _module_preset=&#8221;default&#8221; width=&#8221;90%&#8221; width_tablet=&#8221;90%&#8221; width_phone=&#8221;90%&#8221; width_last_edited=&#8221;on|desktop&#8221; max_width=&#8221;1120px&#8221; max_width_tablet=&#8221;90%&#8221; max_width_phone=&#8221;90%&#8221; max_width_last_edited=&#8221;on|tablet&#8221; custom_padding=&#8221;0px||0px||true|&#8221; global_colors_info=&#8221;{}&#8221;][et_pb_column type=&#8221;4_4&#8243; _builder_version=&#8221;4.16&#8243; _module_preset=&#8221;default&#8221; global_colors_info=&#8221;{}&#8221;][et_pb_text _builder_version=&#8221;4.16&#8243; _module_preset=&#8221;default&#8221; header_4_font=&#8221;DM Sans|700|||||||&#8221; header_4_text_align=&#8221;center&#8221; header_4_text_color=&#8221;#ffffff&#8221; header_4_font_size=&#8221;45px&#8221; header_4_letter_spacing=&#8221;-1px&#8221; header_4_line_height=&#8221;1.4em&#8221; max_width=&#8221;800px&#8221; module_alignment=&#8221;center&#8221; global_colors_info=&#8221;{}&#8221;]<\/p>\n<h4>Noch Fragen? Dann schreib uns doch einfach eine Mail!<\/h4>\n<p>[\/et_pb_text][et_pb_blurb url=&#8221;https:\/\/juso-bildungsprogramm.de\/?page_id=20&#8243; use_icon=&#8221;on&#8221; font_icon=&#8221;&#xe04a;||divi||400&#8243; image_icon_width=&#8221;51px&#8221; content_max_width=&#8221;100%&#8221; _builder_version=&#8221;4.27.6&#8243; _module_preset=&#8221;default&#8221; header_font=&#8221;DM Sans|700|||||||&#8221; header_text_align=&#8221;left&#8221; header_text_color=&#8221;#ffffff&#8221; header_font_size=&#8221;18.1px&#8221; header_line_height=&#8221;2.9em&#8221; max_width=&#8221;190px&#8221; module_alignment=&#8221;center&#8221; custom_margin=&#8221;25px||||false|false&#8221; animation=&#8221;off&#8221; link_option_url=&#8221;https:\/\/juso-bildungsprogramm.de\/?page_id=20&#8243; icon_font_size=&#8221;51px&#8221; global_colors_info=&#8221;{}&#8221; header_text_color__hover_enabled=&#8221;off|hover&#8221; header_text_color__hover=&#8221;#060713&#8243;][\/et_pb_blurb][\/et_pb_column][\/et_pb_row][\/et_pb_section]<\/p>\n","protected":false},"excerpt":{"rendered":"<p>DAS JUSO BILDUNGSPROGAMMDAS JUSO BILDUNGS- PROGAMMJetzt die neuen Seminare im Bildungsprogramm entdecken und sich anmelden!Das Juso-Bildungsprogramm 2026 ist erschienen! Schau rein und melde dichf\u00fcr die dich interessierenden Seminare und Bildungsreisen direkt an.Politische Bildungsarbeitseit fast 30 Jahren\u201eNur die demokratische Gesellschaftsordnung bedarf der emanzipatorischen Bildung, weil nur sie gelernt werden muss, tagt\u00e4glich, bis ins hohe Alter hinein.&#8221;\u00a0Oscar [&hellip;]<\/p>\n","protected":false},"author":1,"featured_media":0,"parent":0,"menu_order":1,"comment_status":"closed","ping_status":"closed","template":"","meta":{"_et_pb_use_builder":"on","_et_pb_old_content":"<!-- wp:divi\/placeholder \/-->","_et_gb_content_width":"","footnotes":""},"class_list":["post-30","page","type-page","status-publish","hentry"],"_links":{"self":[{"href":"https:\/\/juso-bildungsprogramm.de\/index.php?rest_route=\/wp\/v2\/pages\/30","targetHints":{"allow":["GET"]}}],"collection":[{"href":"https:\/\/juso-bildungsprogramm.de\/index.php?rest_route=\/wp\/v2\/pages"}],"about":[{"href":"https:\/\/juso-bildungsprogramm.de\/index.php?rest_route=\/wp\/v2\/types\/page"}],"author":[{"embeddable":true,"href":"https:\/\/juso-bildungsprogramm.de\/index.php?rest_route=\/wp\/v2\/users\/1"}],"replies":[{"embeddable":true,"href":"https:\/\/juso-bildungsprogramm.de\/index.php?rest_route=%2Fwp%2Fv2%2Fcomments&post=30"}],"version-history":[{"count":30,"href":"https:\/\/juso-bildungsprogramm.de\/index.php?rest_route=\/wp\/v2\/pages\/30\/revisions"}],"predecessor-version":[{"id":1127,"href":"https:\/\/juso-bildungsprogramm.de\/index.php?rest_route=\/wp\/v2\/pages\/30\/revisions\/1127"}],"wp:attachment":[{"href":"https:\/\/juso-bildungsprogramm.de\/index.php?rest_route=%2Fwp%2Fv2%2Fmedia&parent=30"}],"curies":[{"name":"wp","href":"https:\/\/api.w.org\/{rel}","templated":true}]}}